{"id":54,"date":"2023-02-04T17:28:41","date_gmt":"2023-02-04T20:28:41","guid":{"rendered":"https:\/\/coopersanta.com\/?page_id=54"},"modified":"2023-02-08T09:13:00","modified_gmt":"2023-02-08T12:13:00","slug":"politica-de-privacidade","status":"publish","type":"page","link":"https:\/\/coopersanta.com\/en\/politica-de-privacidade\/","title":{"rendered":"Privacy Policy"},"content":{"rendered":"<div data-elementor-type=\"wp-page\" data-elementor-id=\"54\" class=\"elementor elementor-54\">\n\t\t\t\t\t\t\t<div class=\"elementor-element elementor-element-7a1f636 e-con-boxed e-con\" data-id=\"7a1f636\" data-element_type=\"container\" data-settings=\"{&quot;content_width&quot;:&quot;boxed&quot;}\">\n\t\t\t\t\t<div class=\"e-con-inner\">\n\t\t\t\t<div class=\"elementor-element elementor-element-a5c9959 elementor-widget elementor-widget-text-editor\" data-id=\"a5c9959\" data-element_type=\"widget\" data-widget_type=\"text-editor.default\">\n\t\t\t\t<div class=\"elementor-widget-container\">\n\t\t\t<style>\/*! elementor - v3.9.1 - 14-12-2022 *\/\n.elementor-widget-text-editor.elementor-drop-cap-view-stacked .elementor-drop-cap{background-color:#818a91;color:#fff}.elementor-widget-text-editor.elementor-drop-cap-view-framed .elementor-drop-cap{color:#818a91;border:3px solid;background-color:transparent}.elementor-widget-text-editor:not(.elementor-drop-cap-view-default) .elementor-drop-cap{margin-top:8px}.elementor-widget-text-editor:not(.elementor-drop-cap-view-default) .elementor-drop-cap-letter{width:1em;height:1em}.elementor-widget-text-editor .elementor-drop-cap{float:left;text-align:center;line-height:1;font-size:50px}.elementor-widget-text-editor .elementor-drop-cap-letter{display:inline-block}<\/style>\t\t\t\t<h2><span style=\"color: rgb(68, 68, 68);\">Privacy Policy<\/span><\/h2><p><span style=\"color: rgb(68, 68, 68);\">Your privacy is important to us. It is Coopersanta's policy to respect your privacy regarding any information we may collect on the site. <a href=\"https:\/\/coopersanta.com\/en\/\">Coopersanta<\/a>and other websites that we own and operate.<\/span><\/p><p><span style=\"color: rgb(68, 68, 68);\">We only ask for personal information when we really need it to provide you with a service. We do this by fair and lawful means, with your knowledge and consent. We also let you know why we are collecting it and how it will be used.<\/span><\/p><p><span style=\"color: rgb(68, 68, 68);\">We only retain collected information for as long as necessary to provide the requested service. When we store data, we protect it within commercially acceptable means to prevent loss and theft, as well as unauthorized access, disclosure, copying, use or modification.<\/span><\/p><p><span style=\"color: rgb(68, 68, 68);\">We do not share personally identifiable information publicly or with third parties, except as required by law.<\/span><\/p><p><span style=\"color: rgb(68, 68, 68);\">Our website may have links to external websites that are not operated by us. Please be aware that we have no control over the content and practices of these sites and cannot accept responsibility for their respective&nbsp;<\/span><a href=\"https:\/\/politicaprivacidade.com\/\" rel=\"noopener noreferrer\" target=\"_blank\" style=\"background-color: transparent; color: rgb(68, 68, 68);\">privacy policies<\/a><span style=\"color: rgb(68, 68, 68);\">.<\/span><\/p><p><span style=\"color: rgb(68, 68, 68);\">You are free to decline our request for personal information, understanding that we may not be able to provide you with some of your desired services.<\/span><\/p><p><span style=\"color: rgb(68, 68, 68);\">Your continued use of our website will be deemed acceptance of our practices around privacy and personal information. If you have any questions about how we handle user data and personal information, please contact us.<\/span><\/p><p><span style=\"color: rgb(68, 68, 68);\"><\/span><\/p><h3><span style=\"color: rgb(68, 68, 68);\">User Commitment<\/span><\/h3><p><span style=\"color: rgb(68, 68, 68);\">The user undertakes to make proper use of the contents and information that Coopersanta offers on the website and with an enunciative, but not limiting, character:<\/span><\/p><ul><li><span style=\"color: rgb(68, 68, 68);\">A) Not to engage in activities that are illegal or contrary to good faith and public order;<\/span><\/li><li><span style=\"color: rgb(68, 68, 68);\">B) Not to disseminate propaganda or content of a racist, xenophobic, <\/span><span style=\"color: rgb(33, 37, 41);\"><a href='https:\/\/apostasonline.guru\/bet365-apostas\/' style='color:inherit !important; text-decoration: none !important; font-size: inherit !important;'>bet365 brazil<\/a><\/span><span style=\"color: rgb(68, 68, 68);\"> or bad luck, any type of illegal pornography, in support of terrorism or against human rights;<\/span><\/li><li><span style=\"color: rgb(68, 68, 68);\">C) Not to cause damage to the physical (hardware) and logical (software) systems of Coopersanta, its suppliers or third parties, to introduce or disseminate computer viruses or any other hardware or software systems that are capable of causing damage mentioned above.<\/span><\/li><\/ul><h3><span style=\"color: rgb(68, 68, 68);\">More information<\/span><\/h3><p><span style=\"color: rgb(68, 68, 68);\">Hopefully that's cleared up, and as mentioned earlier, if there's something you're not sure you need or not, it's generally safer to leave cookies enabled should you interact with one of the features you use on our website.<\/span><\/p><p><span style=\"color: rgb(68, 68, 68);\">This policy is effective from&nbsp;4 February 2023 20:27<\/span><\/p>\t\t\t\t\t\t<\/div>\n\t\t\t\t<\/div>\n\t\t\t\t\t<\/div>\n\t\t\t\t<\/div>\n\t\t\t\t\t\t\t<\/div>","protected":false},"excerpt":{"rendered":"<p>Pol\u00edtica Privacidade A sua privacidade \u00e9 importante para n\u00f3s. \u00c9 pol\u00edtica do Coopersanta respeitar a sua privacidade em rela\u00e7\u00e3o a qualquer informa\u00e7\u00e3o sua que possamos coletar no site Coopersanta, e outros sites que possu\u00edmos e operamos. Solicitamos informa\u00e7\u00f5es pessoais apenas quando realmente precisamos delas para lhe fornecer um servi\u00e7o. Fazemo-lo por meios justos e legais, [&hellip;]<\/p>","protected":false},"author":1,"featured_media":0,"parent":0,"menu_order":0,"comment_status":"closed","ping_status":"closed","template":"","meta":[],"yoast_head":"<!-- This site is optimized with the Yoast SEO plugin v20.1 - https:\/\/yoast.com\/wordpress\/plugins\/seo\/ -->\n<title>Pol\u00edtica de Privacidade - COOPERSANTA<\/title>\n<meta name=\"robots\" content=\"index, follow, max-snippet:-1, max-image-preview:large, max-video-preview:-1\" \/>\n<link rel=\"canonical\" href=\"https:\/\/coopersanta.com\/en\/politica-de-privacidade\/\" \/>\n<meta property=\"og:locale\" content=\"en_US\" \/>\n<meta property=\"og:type\" content=\"article\" \/>\n<meta property=\"og:title\" content=\"Pol\u00edtica de Privacidade - COOPERSANTA\" \/>\n<meta property=\"og:description\" content=\"Pol\u00edtica Privacidade A sua privacidade \u00e9 importante para n\u00f3s. \u00c9 pol\u00edtica do Coopersanta respeitar a sua privacidade em rela\u00e7\u00e3o a qualquer informa\u00e7\u00e3o sua que possamos coletar no site Coopersanta, e outros sites que possu\u00edmos e operamos. Solicitamos informa\u00e7\u00f5es pessoais apenas quando realmente precisamos delas para lhe fornecer um servi\u00e7o. Fazemo-lo por meios justos e legais, [&hellip;]\" \/>\n<meta property=\"og:url\" content=\"https:\/\/coopersanta.com\/en\/politica-de-privacidade\/\" \/>\n<meta property=\"og:site_name\" content=\"COOPERSANTA\" \/>\n<meta property=\"article:modified_time\" content=\"2023-02-08T12:13:00+00:00\" \/>\n<meta name=\"twitter:card\" content=\"summary_large_image\" \/>\n<meta name=\"twitter:label1\" content=\"Est. reading time\" \/>\n\t<meta name=\"twitter:data1\" content=\"2 minutes\" \/>\n<script type=\"application\/ld+json\" class=\"yoast-schema-graph\">{\"@context\":\"https:\/\/schema.org\",\"@graph\":[{\"@type\":\"WebPage\",\"@id\":\"https:\/\/coopersanta.com\/politica-de-privacidade\/\",\"url\":\"https:\/\/coopersanta.com\/politica-de-privacidade\/\",\"name\":\"Pol\u00edtica de Privacidade - COOPERSANTA\",\"isPartOf\":{\"@id\":\"https:\/\/coopersanta.com\/#website\"},\"datePublished\":\"2023-02-04T20:28:41+00:00\",\"dateModified\":\"2023-02-08T12:13:00+00:00\",\"breadcrumb\":{\"@id\":\"https:\/\/coopersanta.com\/politica-de-privacidade\/#breadcrumb\"},\"inLanguage\":\"en-US\",\"potentialAction\":[{\"@type\":\"ReadAction\",\"target\":[\"https:\/\/coopersanta.com\/politica-de-privacidade\/\"]}]},{\"@type\":\"BreadcrumbList\",\"@id\":\"https:\/\/coopersanta.com\/politica-de-privacidade\/#breadcrumb\",\"itemListElement\":[{\"@type\":\"ListItem\",\"position\":1,\"name\":\"In\u00edcio\",\"item\":\"https:\/\/coopersanta.com\/\"},{\"@type\":\"ListItem\",\"position\":2,\"name\":\"Pol\u00edtica de Privacidade\"}]},{\"@type\":\"WebSite\",\"@id\":\"https:\/\/coopersanta.com\/#website\",\"url\":\"https:\/\/coopersanta.com\/\",\"name\":\"COOPERSANTA\",\"description\":\"Cooperativa dos Garimpeiros de Santa Cruz\",\"publisher\":{\"@id\":\"https:\/\/coopersanta.com\/#organization\"},\"alternateName\":\"COOPERSANTA - Cooperativa dos Garimpeiros de Santa Cruz\",\"potentialAction\":[{\"@type\":\"SearchAction\",\"target\":{\"@type\":\"EntryPoint\",\"urlTemplate\":\"https:\/\/coopersanta.com\/?s={search_term_string}\"},\"query-input\":\"required name=search_term_string\"}],\"inLanguage\":\"en-US\"},{\"@type\":\"Organization\",\"@id\":\"https:\/\/coopersanta.com\/#organization\",\"name\":\"COOPERSANTA - COOPERATIVA DOS GARIMPEIROS DE SANTA CRUZ\",\"alternateName\":\"COOPERSANTA\",\"url\":\"https:\/\/coopersanta.com\/\",\"logo\":{\"@type\":\"ImageObject\",\"inLanguage\":\"en-US\",\"@id\":\"https:\/\/coopersanta.com\/#\/schema\/logo\/image\/\",\"url\":\"https:\/\/coopersanta.com\/wp-content\/uploads\/2023\/01\/logo.svg\",\"contentUrl\":\"https:\/\/coopersanta.com\/wp-content\/uploads\/2023\/01\/logo.svg\",\"width\":350,\"height\":100,\"caption\":\"COOPERSANTA - COOPERATIVA DOS GARIMPEIROS DE SANTA CRUZ\"},\"image\":{\"@id\":\"https:\/\/coopersanta.com\/#\/schema\/logo\/image\/\"}}]}<\/script>\n<!-- \/ Yoast SEO plugin. -->","yoast_head_json":{"title":"Pol\u00edtica de Privacidade - COOPERSANTA","robots":{"index":"index","follow":"follow","max-snippet":"max-snippet:-1","max-image-preview":"max-image-preview:large","max-video-preview":"max-video-preview:-1"},"canonical":"https:\/\/coopersanta.com\/en\/politica-de-privacidade\/","og_locale":"en_US","og_type":"article","og_title":"Pol\u00edtica de Privacidade - COOPERSANTA","og_description":"Pol\u00edtica Privacidade A sua privacidade \u00e9 importante para n\u00f3s. \u00c9 pol\u00edtica do Coopersanta respeitar a sua privacidade em rela\u00e7\u00e3o a qualquer informa\u00e7\u00e3o sua que possamos coletar no site Coopersanta, e outros sites que possu\u00edmos e operamos. Solicitamos informa\u00e7\u00f5es pessoais apenas quando realmente precisamos delas para lhe fornecer um servi\u00e7o. Fazemo-lo por meios justos e legais, [&hellip;]","og_url":"https:\/\/coopersanta.com\/en\/politica-de-privacidade\/","og_site_name":"COOPERSANTA","article_modified_time":"2023-02-08T12:13:00+00:00","twitter_card":"summary_large_image","twitter_misc":{"Est. reading time":"2 minutes"},"schema":{"@context":"https:\/\/schema.org","@graph":[{"@type":"WebPage","@id":"https:\/\/coopersanta.com\/politica-de-privacidade\/","url":"https:\/\/coopersanta.com\/politica-de-privacidade\/","name":"Pol\u00edtica de Privacidade - COOPERSANTA","isPartOf":{"@id":"https:\/\/coopersanta.com\/#website"},"datePublished":"2023-02-04T20:28:41+00:00","dateModified":"2023-02-08T12:13:00+00:00","breadcrumb":{"@id":"https:\/\/coopersanta.com\/politica-de-privacidade\/#breadcrumb"},"inLanguage":"en-US","potentialAction":[{"@type":"ReadAction","target":["https:\/\/coopersanta.com\/politica-de-privacidade\/"]}]},{"@type":"BreadcrumbList","@id":"https:\/\/coopersanta.com\/politica-de-privacidade\/#breadcrumb","itemListElement":[{"@type":"ListItem","position":1,"name":"In\u00edcio","item":"https:\/\/coopersanta.com\/"},{"@type":"ListItem","position":2,"name":"Pol\u00edtica de Privacidade"}]},{"@type":"WebSite","@id":"https:\/\/coopersanta.com\/#website","url":"https:\/\/coopersanta.com\/","name":"COOPERSANTA","description":"Cooperativa dos Garimpeiros de Santa Cruz","publisher":{"@id":"https:\/\/coopersanta.com\/#organization"},"alternateName":"COOPERSANTA - Cooperativa dos Garimpeiros de Santa Cruz","potentialAction":[{"@type":"SearchAction","target":{"@type":"EntryPoint","urlTemplate":"https:\/\/coopersanta.com\/?s={search_term_string}"},"query-input":"required name=search_term_string"}],"inLanguage":"en-US"},{"@type":"Organization","@id":"https:\/\/coopersanta.com\/#organization","name":"COOPERSANTA - COOPERATIVA DOS GARIMPEIROS DE SANTA CRUZ","alternateName":"COOPERSANTA","url":"https:\/\/coopersanta.com\/","logo":{"@type":"ImageObject","inLanguage":"en-US","@id":"https:\/\/coopersanta.com\/#\/schema\/logo\/image\/","url":"https:\/\/coopersanta.com\/wp-content\/uploads\/2023\/01\/logo.svg","contentUrl":"https:\/\/coopersanta.com\/wp-content\/uploads\/2023\/01\/logo.svg","width":350,"height":100,"caption":"COOPERSANTA - COOPERATIVA DOS GARIMPEIROS DE SANTA CRUZ"},"image":{"@id":"https:\/\/coopersanta.com\/#\/schema\/logo\/image\/"}}]}},"_links":{"self":[{"href":"https:\/\/coopersanta.com\/en\/wp-json\/wp\/v2\/pages\/54"}],"collection":[{"href":"https:\/\/coopersanta.com\/en\/wp-json\/wp\/v2\/pages"}],"about":[{"href":"https:\/\/coopersanta.com\/en\/wp-json\/wp\/v2\/types\/page"}],"author":[{"embeddable":true,"href":"https:\/\/coopersanta.com\/en\/wp-json\/wp\/v2\/users\/1"}],"replies":[{"embeddable":true,"href":"https:\/\/coopersanta.com\/en\/wp-json\/wp\/v2\/comments?post=54"}],"version-history":[{"count":7,"href":"https:\/\/coopersanta.com\/en\/wp-json\/wp\/v2\/pages\/54\/revisions"}],"predecessor-version":[{"id":861,"href":"https:\/\/coopersanta.com\/en\/wp-json\/wp\/v2\/pages\/54\/revisions\/861"}],"wp:attachment":[{"href":"https:\/\/coopersanta.com\/en\/wp-json\/wp\/v2\/media?parent=54"}],"curies":[{"name":"wp","href":"https:\/\/api.w.org\/{rel}","templated":true}]}}