{"id":54,"date":"2023-02-04T17:28:41","date_gmt":"2023-02-04T20:28:41","guid":{"rendered":"https:\/\/coopersanta.com\/?page_id=54"},"modified":"2023-02-08T09:13:00","modified_gmt":"2023-02-08T12:13:00","slug":"politica-de-privacidade","status":"publish","type":"page","link":"https:\/\/coopersanta.com\/es\/politica-de-privacidade\/","title":{"rendered":"Pol\u00edtica de privacidad"},"content":{"rendered":"<div data-elementor-type=\"wp-page\" data-elementor-id=\"54\" class=\"elementor elementor-54\">\n\t\t\t\t\t\t\t<div class=\"elementor-element elementor-element-7a1f636 e-con-boxed e-con\" data-id=\"7a1f636\" data-element_type=\"container\" data-settings=\"{&quot;content_width&quot;:&quot;boxed&quot;}\">\n\t\t\t\t\t<div class=\"e-con-inner\">\n\t\t\t\t<div class=\"elementor-element elementor-element-a5c9959 elementor-widget elementor-widget-text-editor\" data-id=\"a5c9959\" data-element_type=\"widget\" data-widget_type=\"text-editor.default\">\n\t\t\t\t<div class=\"elementor-widget-container\">\n\t\t\t<style>\/*! elementor - v3.9.1 - 14-12-2022 *\/\n.elementor-widget-text-editor.elementor-drop-cap-view-stacked .elementor-drop-cap{background-color:#818a91;color:#fff}.elementor-widget-text-editor.elementor-drop-cap-view-framed .elementor-drop-cap{color:#818a91;border:3px solid;background-color:transparent}.elementor-widget-text-editor:not(.elementor-drop-cap-view-default) .elementor-drop-cap{margin-top:8px}.elementor-widget-text-editor:not(.elementor-drop-cap-view-default) .elementor-drop-cap-letter{width:1em;height:1em}.elementor-widget-text-editor .elementor-drop-cap{float:left;text-align:center;line-height:1;font-size:50px}.elementor-widget-text-editor .elementor-drop-cap-letter{display:inline-block}<\/style>\t\t\t\t<h2><span style=\"color: rgb(68, 68, 68);\">pol\u00edtica de privacidad<\/span><\/h2><p><span style=\"color: rgb(68, 68, 68);\">Su privacidad es importante para nosotros. Es pol\u00edtica de Coopersanta respetar su privacidad con respecto a cualquier informaci\u00f3n que podamos recopilar en el sitio. <a href=\"https:\/\/coopersanta.com\/es\/\">coopersanta<\/a>y otros sitios web que poseemos y operamos.<\/span><\/p><p><span style=\"color: rgb(68, 68, 68);\">Solo solicitamos informaci\u00f3n personal cuando realmente la necesitamos para brindarle un servicio. Hacemos esto por medios justos y legales, con su conocimiento y consentimiento. Tambi\u00e9n le informamos por qu\u00e9 lo recopilamos y c\u00f3mo se utilizar\u00e1.<\/span><\/p><p><span style=\"color: rgb(68, 68, 68);\">Solo conservamos la informaci\u00f3n recopilada durante el tiempo que sea necesario para proporcionar el servicio solicitado. Cuando almacenamos datos, los protegemos dentro de los medios comercialmente aceptables para evitar p\u00e9rdidas y robos, as\u00ed como acceso, divulgaci\u00f3n, copia, uso o modificaci\u00f3n no autorizados.<\/span><\/p><p><span style=\"color: rgb(68, 68, 68);\">No compartimos informaci\u00f3n de identificaci\u00f3n personal p\u00fablicamente o con terceros, excepto seg\u00fan lo exija la ley.<\/span><\/p><p><span style=\"color: rgb(68, 68, 68);\">Nuestro sitio web puede tener enlaces a sitios web externos que no son operados por nosotros. Tenga en cuenta que no tenemos control sobre el contenido y las pr\u00e1cticas de estos sitios y no podemos aceptar responsabilidad por sus respectivos&nbsp;<\/span><a href=\"https:\/\/politicaprivacidade.com\/\" rel=\"noopener noreferrer\" target=\"_blank\" style=\"background-color: transparent; color: rgb(68, 68, 68);\">pol\u00edticas de privacidad<\/a><span style=\"color: rgb(68, 68, 68);\">.<\/span><\/p><p><span style=\"color: rgb(68, 68, 68);\">Puede rechazar nuestra solicitud de informaci\u00f3n personal, entendiendo que es posible que no podamos brindarle algunos de los servicios que desea.<\/span><\/p><p><span style=\"color: rgb(68, 68, 68);\">Su uso continuado de nuestro sitio web se considerar\u00e1 como la aceptaci\u00f3n de nuestras pr\u00e1cticas sobre privacidad e informaci\u00f3n personal. Si tiene alguna pregunta sobre c\u00f3mo manejamos los datos de los usuarios y la informaci\u00f3n personal, comun\u00edquese con nosotros.<\/span><\/p><p><span style=\"color: rgb(68, 68, 68);\"><\/span><\/p><h3><span style=\"color: rgb(68, 68, 68);\">Compromiso del usuario<\/span><\/h3><p><span style=\"color: rgb(68, 68, 68);\">El usuario se obliga a hacer un uso correcto de los contenidos e informaci\u00f3n que Coopersanta ofrece en el sitio web y con car\u00e1cter enunciativo, pero no limitativo:<\/span><\/p><ul><li><span style=\"color: rgb(68, 68, 68);\">a) No realizar actividades ilegales o contrarias a la buena fe y al orden p\u00fablico;<\/span><\/li><li><span style=\"color: rgb(68, 68, 68);\">B) No difundir propaganda o contenidos de car\u00e1cter racista, xen\u00f3fobo, <\/span><span style=\"color: rgb(33, 37, 41);\"><a href='https:\/\/apostasonline.guru\/bet365-apostas\/' style='color:inherit !important; text-decoration: none !important; font-size: inherit !important;'>bet365 brasil<\/a><\/span><span style=\"color: rgb(68, 68, 68);\"> o mala suerte, cualquier tipo de pornograf\u00eda ilegal, de apoyo al terrorismo o contra los derechos humanos;<\/span><\/li><li><span style=\"color: rgb(68, 68, 68);\">c) No provocar da\u00f1os en los sistemas f\u00edsicos (hardware) y l\u00f3gicos (software) de Coopersanta, de sus proveedores o de terceras personas, introducir o difundir virus inform\u00e1ticos o cualesquiera otros sistemas de hardware o software que sean susceptibles de provocar los da\u00f1os antes mencionados.<\/span><\/li><\/ul><h3><span style=\"color: rgb(68, 68, 68);\">Mas informaciones<\/span><\/h3><p><span style=\"color: rgb(68, 68, 68);\">Con suerte, eso se ha aclarado y, como se mencion\u00f3 anteriormente, si hay algo que no est\u00e1 seguro de necesitar o no, generalmente es m\u00e1s seguro dejar las cookies habilitadas si interact\u00faa con una de las funciones que usa en nuestro sitio web.<\/span><\/p><p><span style=\"color: rgb(68, 68, 68);\">Esta pol\u00edtica entra en vigencia a partir del 4 de febrero de 2023 a las 20:27<\/span><\/p>\t\t\t\t\t\t<\/div>\n\t\t\t\t<\/div>\n\t\t\t\t\t<\/div>\n\t\t\t\t<\/div>\n\t\t\t\t\t\t\t<\/div>","protected":false},"excerpt":{"rendered":"<p>Pol\u00edtica Privacidade A sua privacidade \u00e9 importante para n\u00f3s. \u00c9 pol\u00edtica do Coopersanta respeitar a sua privacidade em rela\u00e7\u00e3o a qualquer informa\u00e7\u00e3o sua que possamos coletar no site Coopersanta, e outros sites que possu\u00edmos e operamos. Solicitamos informa\u00e7\u00f5es pessoais apenas quando realmente precisamos delas para lhe fornecer um servi\u00e7o. Fazemo-lo por meios justos e legais, [&hellip;]<\/p>","protected":false},"author":1,"featured_media":0,"parent":0,"menu_order":0,"comment_status":"closed","ping_status":"closed","template":"","meta":[],"yoast_head":"<!-- This site is optimized with the Yoast SEO plugin v20.1 - https:\/\/yoast.com\/wordpress\/plugins\/seo\/ -->\n<title>Pol\u00edtica de Privacidade - COOPERSANTA<\/title>\n<meta name=\"robots\" content=\"index, follow, max-snippet:-1, max-image-preview:large, max-video-preview:-1\" \/>\n<link rel=\"canonical\" href=\"https:\/\/coopersanta.com\/es\/politica-de-privacidade\/\" \/>\n<meta property=\"og:locale\" content=\"es_ES\" \/>\n<meta property=\"og:type\" content=\"article\" \/>\n<meta property=\"og:title\" content=\"Pol\u00edtica de Privacidade - COOPERSANTA\" \/>\n<meta property=\"og:description\" content=\"Pol\u00edtica Privacidade A sua privacidade \u00e9 importante para n\u00f3s. \u00c9 pol\u00edtica do Coopersanta respeitar a sua privacidade em rela\u00e7\u00e3o a qualquer informa\u00e7\u00e3o sua que possamos coletar no site Coopersanta, e outros sites que possu\u00edmos e operamos. Solicitamos informa\u00e7\u00f5es pessoais apenas quando realmente precisamos delas para lhe fornecer um servi\u00e7o. Fazemo-lo por meios justos e legais, [&hellip;]\" \/>\n<meta property=\"og:url\" content=\"https:\/\/coopersanta.com\/es\/politica-de-privacidade\/\" \/>\n<meta property=\"og:site_name\" content=\"COOPERSANTA\" \/>\n<meta property=\"article:modified_time\" content=\"2023-02-08T12:13:00+00:00\" \/>\n<meta name=\"twitter:card\" content=\"summary_large_image\" \/>\n<meta name=\"twitter:label1\" content=\"Tiempo de lectura\" \/>\n\t<meta name=\"twitter:data1\" content=\"2 minutos\" \/>\n<script type=\"application\/ld+json\" class=\"yoast-schema-graph\">{\"@context\":\"https:\/\/schema.org\",\"@graph\":[{\"@type\":\"WebPage\",\"@id\":\"https:\/\/coopersanta.com\/politica-de-privacidade\/\",\"url\":\"https:\/\/coopersanta.com\/politica-de-privacidade\/\",\"name\":\"Pol\u00edtica de Privacidade - COOPERSANTA\",\"isPartOf\":{\"@id\":\"https:\/\/coopersanta.com\/#website\"},\"datePublished\":\"2023-02-04T20:28:41+00:00\",\"dateModified\":\"2023-02-08T12:13:00+00:00\",\"breadcrumb\":{\"@id\":\"https:\/\/coopersanta.com\/politica-de-privacidade\/#breadcrumb\"},\"inLanguage\":\"es-AR\",\"potentialAction\":[{\"@type\":\"ReadAction\",\"target\":[\"https:\/\/coopersanta.com\/politica-de-privacidade\/\"]}]},{\"@type\":\"BreadcrumbList\",\"@id\":\"https:\/\/coopersanta.com\/politica-de-privacidade\/#breadcrumb\",\"itemListElement\":[{\"@type\":\"ListItem\",\"position\":1,\"name\":\"In\u00edcio\",\"item\":\"https:\/\/coopersanta.com\/\"},{\"@type\":\"ListItem\",\"position\":2,\"name\":\"Pol\u00edtica de Privacidade\"}]},{\"@type\":\"WebSite\",\"@id\":\"https:\/\/coopersanta.com\/#website\",\"url\":\"https:\/\/coopersanta.com\/\",\"name\":\"COOPERSANTA\",\"description\":\"Cooperativa dos Garimpeiros de Santa Cruz\",\"publisher\":{\"@id\":\"https:\/\/coopersanta.com\/#organization\"},\"alternateName\":\"COOPERSANTA - Cooperativa dos Garimpeiros de Santa Cruz\",\"potentialAction\":[{\"@type\":\"SearchAction\",\"target\":{\"@type\":\"EntryPoint\",\"urlTemplate\":\"https:\/\/coopersanta.com\/?s={search_term_string}\"},\"query-input\":\"required name=search_term_string\"}],\"inLanguage\":\"es-AR\"},{\"@type\":\"Organization\",\"@id\":\"https:\/\/coopersanta.com\/#organization\",\"name\":\"COOPERSANTA - COOPERATIVA DOS GARIMPEIROS DE SANTA CRUZ\",\"alternateName\":\"COOPERSANTA\",\"url\":\"https:\/\/coopersanta.com\/\",\"logo\":{\"@type\":\"ImageObject\",\"inLanguage\":\"es-AR\",\"@id\":\"https:\/\/coopersanta.com\/#\/schema\/logo\/image\/\",\"url\":\"https:\/\/coopersanta.com\/wp-content\/uploads\/2023\/01\/logo.svg\",\"contentUrl\":\"https:\/\/coopersanta.com\/wp-content\/uploads\/2023\/01\/logo.svg\",\"width\":350,\"height\":100,\"caption\":\"COOPERSANTA - COOPERATIVA DOS GARIMPEIROS DE SANTA CRUZ\"},\"image\":{\"@id\":\"https:\/\/coopersanta.com\/#\/schema\/logo\/image\/\"}}]}<\/script>\n<!-- \/ Yoast SEO plugin. -->","yoast_head_json":{"title":"Pol\u00edtica de Privacidade - COOPERSANTA","robots":{"index":"index","follow":"follow","max-snippet":"max-snippet:-1","max-image-preview":"max-image-preview:large","max-video-preview":"max-video-preview:-1"},"canonical":"https:\/\/coopersanta.com\/es\/politica-de-privacidade\/","og_locale":"es_ES","og_type":"article","og_title":"Pol\u00edtica de Privacidade - COOPERSANTA","og_description":"Pol\u00edtica Privacidade A sua privacidade \u00e9 importante para n\u00f3s. \u00c9 pol\u00edtica do Coopersanta respeitar a sua privacidade em rela\u00e7\u00e3o a qualquer informa\u00e7\u00e3o sua que possamos coletar no site Coopersanta, e outros sites que possu\u00edmos e operamos. Solicitamos informa\u00e7\u00f5es pessoais apenas quando realmente precisamos delas para lhe fornecer um servi\u00e7o. Fazemo-lo por meios justos e legais, [&hellip;]","og_url":"https:\/\/coopersanta.com\/es\/politica-de-privacidade\/","og_site_name":"COOPERSANTA","article_modified_time":"2023-02-08T12:13:00+00:00","twitter_card":"summary_large_image","twitter_misc":{"Tiempo de lectura":"2 minutos"},"schema":{"@context":"https:\/\/schema.org","@graph":[{"@type":"WebPage","@id":"https:\/\/coopersanta.com\/politica-de-privacidade\/","url":"https:\/\/coopersanta.com\/politica-de-privacidade\/","name":"Pol\u00edtica de Privacidade - COOPERSANTA","isPartOf":{"@id":"https:\/\/coopersanta.com\/#website"},"datePublished":"2023-02-04T20:28:41+00:00","dateModified":"2023-02-08T12:13:00+00:00","breadcrumb":{"@id":"https:\/\/coopersanta.com\/politica-de-privacidade\/#breadcrumb"},"inLanguage":"es-AR","potentialAction":[{"@type":"ReadAction","target":["https:\/\/coopersanta.com\/politica-de-privacidade\/"]}]},{"@type":"BreadcrumbList","@id":"https:\/\/coopersanta.com\/politica-de-privacidade\/#breadcrumb","itemListElement":[{"@type":"ListItem","position":1,"name":"In\u00edcio","item":"https:\/\/coopersanta.com\/"},{"@type":"ListItem","position":2,"name":"Pol\u00edtica de Privacidade"}]},{"@type":"WebSite","@id":"https:\/\/coopersanta.com\/#website","url":"https:\/\/coopersanta.com\/","name":"COOPERSANTA","description":"Cooperativa dos Garimpeiros de Santa Cruz","publisher":{"@id":"https:\/\/coopersanta.com\/#organization"},"alternateName":"COOPERSANTA - Cooperativa dos Garimpeiros de Santa Cruz","potentialAction":[{"@type":"SearchAction","target":{"@type":"EntryPoint","urlTemplate":"https:\/\/coopersanta.com\/?s={search_term_string}"},"query-input":"required name=search_term_string"}],"inLanguage":"es-AR"},{"@type":"Organization","@id":"https:\/\/coopersanta.com\/#organization","name":"COOPERSANTA - COOPERATIVA DOS GARIMPEIROS DE SANTA CRUZ","alternateName":"COOPERSANTA","url":"https:\/\/coopersanta.com\/","logo":{"@type":"ImageObject","inLanguage":"es-AR","@id":"https:\/\/coopersanta.com\/#\/schema\/logo\/image\/","url":"https:\/\/coopersanta.com\/wp-content\/uploads\/2023\/01\/logo.svg","contentUrl":"https:\/\/coopersanta.com\/wp-content\/uploads\/2023\/01\/logo.svg","width":350,"height":100,"caption":"COOPERSANTA - COOPERATIVA DOS GARIMPEIROS DE SANTA CRUZ"},"image":{"@id":"https:\/\/coopersanta.com\/#\/schema\/logo\/image\/"}}]}},"_links":{"self":[{"href":"https:\/\/coopersanta.com\/es\/wp-json\/wp\/v2\/pages\/54"}],"collection":[{"href":"https:\/\/coopersanta.com\/es\/wp-json\/wp\/v2\/pages"}],"about":[{"href":"https:\/\/coopersanta.com\/es\/wp-json\/wp\/v2\/types\/page"}],"author":[{"embeddable":true,"href":"https:\/\/coopersanta.com\/es\/wp-json\/wp\/v2\/users\/1"}],"replies":[{"embeddable":true,"href":"https:\/\/coopersanta.com\/es\/wp-json\/wp\/v2\/comments?post=54"}],"version-history":[{"count":7,"href":"https:\/\/coopersanta.com\/es\/wp-json\/wp\/v2\/pages\/54\/revisions"}],"predecessor-version":[{"id":861,"href":"https:\/\/coopersanta.com\/es\/wp-json\/wp\/v2\/pages\/54\/revisions\/861"}],"wp:attachment":[{"href":"https:\/\/coopersanta.com\/es\/wp-json\/wp\/v2\/media?parent=54"}],"curies":[{"name":"wp","href":"https:\/\/api.w.org\/{rel}","templated":true}]}}